{"id":15,"date":"2024-12-06T11:46:50","date_gmt":"2024-12-06T10:46:50","guid":{"rendered":"https:\/\/mana.org.pl\/?page_id=15"},"modified":"2025-02-13T15:28:28","modified_gmt":"2025-02-13T14:28:28","slug":"artysci","status":"publish","type":"page","link":"https:\/\/mana.org.pl\/english\/artysci\/","title":{"rendered":"ARTISTS"},"content":{"rendered":"<h2 class=\"wp-block-heading\">Kogo wspieramy?<\/h2>\n\n\n\n<p>Wspieramy utalentowanych&nbsp;<strong>muzyk\u00f3w<\/strong>&nbsp;and&nbsp;<strong>dyrygent\u00f3w<\/strong>&nbsp;\u2013 absolwent\u00f3w renomowanych akademii muzycznych,&nbsp;kt\u00f3rzy z pasj\u0105 i profesjonalizmem podbijaj\u0105 mi\u0119dzynarodowe sceny. Ka\u017cdy z nich to<strong>&nbsp;artysta o unikalnym talencie<\/strong>&nbsp;and&nbsp;<strong>energii<\/strong>, kt\u00f3ry inspiruje swoj\u0105 tw\u00f3rczo\u015bci\u0105 i osi\u0105gni\u0119ciami. Fundacja MANA towarzyszy im na drodze do spe\u0142niania artystycznych marze\u0144, otwieraj\u0105c drzwi do presti\u017cowych festiwali, konkurs\u00f3w i koncert\u00f3w. Tworzymy przestrze\u0144, gdzie m\u0142odzi tw\u00f3rcy mog\u0105 si\u0119ga\u0107 po najwy\u017csze laury w muzyce klasycznej, wsp\u00f3\u0142czesnej i symfonicznej.<\/p>","protected":false},"excerpt":{"rendered":"<p>Kogo wspieramy? Wspieramy utalentowanych&nbsp;muzyk\u00f3w&nbsp;i&nbsp;dyrygent\u00f3w&nbsp;\u2013 absolwent\u00f3w renomowanych akademii muzycznych,&nbsp;kt\u00f3rzy z pasj\u0105 i profesjonalizmem podbijaj\u0105 mi\u0119dzynarodowe sceny. Ka\u017cdy z nich to&nbsp;artysta o unikalnym talencie&nbsp;i&nbsp;energii, kt\u00f3ry inspiruje swoj\u0105 tw\u00f3rczo\u015bci\u0105 i osi\u0105gni\u0119ciami. Fundacja MANA towarzyszy im na drodze do spe\u0142niania artystycznych marze\u0144, otwieraj\u0105c drzwi do presti\u017cowych festiwali, konkurs\u00f3w i koncert\u00f3w. Tworzymy przestrze\u0144, gdzie m\u0142odzi tw\u00f3rcy mog\u0105 si\u0119ga\u0107 po najwy\u017csze [&hellip;]<\/p>\n","protected":false},"author":1,"featured_media":0,"parent":0,"menu_order":0,"comment_status":"closed","ping_status":"closed","template":"","meta":{"_acf_changed":false,"footnotes":""},"class_list":["post-15","page","type-page","status-publish","hentry"],"acf":[],"_links":{"self":[{"href":"https:\/\/mana.org.pl\/english\/wp-json\/wp\/v2\/pages\/15","targetHints":{"allow":["GET"]}}],"collection":[{"href":"https:\/\/mana.org.pl\/english\/wp-json\/wp\/v2\/pages"}],"about":[{"href":"https:\/\/mana.org.pl\/english\/wp-json\/wp\/v2\/types\/page"}],"author":[{"embeddable":true,"href":"https:\/\/mana.org.pl\/english\/wp-json\/wp\/v2\/users\/1"}],"replies":[{"embeddable":true,"href":"https:\/\/mana.org.pl\/english\/wp-json\/wp\/v2\/comments?post=15"}],"version-history":[{"count":0,"href":"https:\/\/mana.org.pl\/english\/wp-json\/wp\/v2\/pages\/15\/revisions"}],"wp:attachment":[{"href":"https:\/\/mana.org.pl\/english\/wp-json\/wp\/v2\/media?parent=15"}],"curies":[{"name":"wp","href":"https:\/\/api.w.org\/{rel}","templated":true}]}}