{"id":21,"date":"2024-12-06T11:51:47","date_gmt":"2024-12-06T10:51:47","guid":{"rendered":"https:\/\/mana.org.pl\/?page_id=21"},"modified":"2024-12-06T11:51:47","modified_gmt":"2024-12-06T10:51:47","slug":"kontakt","status":"publish","type":"page","link":"https:\/\/mana.org.pl\/english\/kontakt\/","title":{"rendered":"CONTACT"},"content":{"rendered":"<p>Jeste\u015bmy tu dla Ciebie!<\/p>\n\n\n\n<h2 class=\"wp-block-heading\">Get in touch!<\/h2>\n\n\n\n<p>stw\u00f3rze bloki! info + social media<\/p>\n\n\n\n<h3 class=\"wp-block-heading\">Foundation Contact Guide<\/h3>\n\n\n\n<p><strong>Contact with MANA Foundation<\/strong>&nbsp;is extremely simple and convenient. If you have any&nbsp;<strong>pytania dotycz\u0105ce naszych us\u0142ug<\/strong>,&nbsp;<strong>activites.<\/strong>&nbsp;Whether<strong>&nbsp;projects<\/strong>, or you want to know more about our&nbsp;<strong>offer<\/strong>, we encourage you to contact us. We are here to provide you with all the necessary information and to dispel any doubts<\/p>\n\n\n\n<p>The possibilities of contacting the foundation are diverse, which allows everyone to choose the most convenient way for themselves. You can&nbsp;<strong>visit our headquarters<\/strong>, to talk to our team in person and get to know our work up close. If&nbsp;<strong>you prefer remote contact<\/strong>, we invite you to send an e-mail. This way, you will receive an answer to your questions at a time convenient for you. Regardless of whether you want to learn more about our projects, ask about the possibility of support or cooperation, our e-mail boxes are open to your messages.<\/p>\n\n\n\n<p>f the matter requires urgent consultation or&nbsp;<strong>you prefer direct conversation<\/strong>, you can always call us. We are available to answer all your questions and provide support. We try to ensure that contact with us is as comfortable and fast as possible, so every form of communication is important to us.<\/p>\n\n\n\n<p>mapa google<\/p>","protected":false},"excerpt":{"rendered":"<p>Jeste\u015bmy tu dla Ciebie! Odezwij si\u0119! stw\u00f3rze bloki! info + social media Przewodnik kontaktu z Fundacj\u0105 Kontakt z Fundacj\u0105 MANA&nbsp;jest niezwykle prosty i wygodny. Je\u017celi masz jakiekolwiek&nbsp;pytania dotycz\u0105ce naszych us\u0142ug,&nbsp;dzia\u0142alno\u015bci&nbsp;czy&nbsp;projekt\u00f3w, lub chcesz dowiedzie\u0107 si\u0119 wi\u0119cej o naszej&nbsp;ofercie, zach\u0119camy do nawi\u0105zania kontaktu. Jeste\u015bmy tutaj, aby udzieli\u0107 Ci wszelkich niezb\u0119dnych informacji i rozwia\u0107 wszelkie w\u0105tpliwo\u015bci. Mo\u017cliwo\u015bci kontaktu [&hellip;]<\/p>\n","protected":false},"author":1,"featured_media":0,"parent":0,"menu_order":0,"comment_status":"closed","ping_status":"closed","template":"","meta":{"_acf_changed":false,"footnotes":""},"class_list":["post-21","page","type-page","status-publish","hentry"],"acf":[],"_links":{"self":[{"href":"https:\/\/mana.org.pl\/english\/wp-json\/wp\/v2\/pages\/21","targetHints":{"allow":["GET"]}}],"collection":[{"href":"https:\/\/mana.org.pl\/english\/wp-json\/wp\/v2\/pages"}],"about":[{"href":"https:\/\/mana.org.pl\/english\/wp-json\/wp\/v2\/types\/page"}],"author":[{"embeddable":true,"href":"https:\/\/mana.org.pl\/english\/wp-json\/wp\/v2\/users\/1"}],"replies":[{"embeddable":true,"href":"https:\/\/mana.org.pl\/english\/wp-json\/wp\/v2\/comments?post=21"}],"version-history":[{"count":0,"href":"https:\/\/mana.org.pl\/english\/wp-json\/wp\/v2\/pages\/21\/revisions"}],"wp:attachment":[{"href":"https:\/\/mana.org.pl\/english\/wp-json\/wp\/v2\/media?parent=21"}],"curies":[{"name":"wp","href":"https:\/\/api.w.org\/{rel}","templated":true}]}}